{"id":13,"date":"2017-06-22T09:19:09","date_gmt":"2017-06-22T09:19:09","guid":{"rendered":"https:\/\/ithemeslab.com\/tfdemo\/wp\/imperial\/?page_id=13"},"modified":"2023-08-10T11:25:15","modified_gmt":"2023-08-10T09:25:15","slug":"home-default","status":"publish","type":"page","link":"http:\/\/kiszonkiwolynscy.pl\/","title":{"rendered":"Home Default"},"content":{"rendered":"<section class=\"wpb-content-wrapper\"><p>[vc_row][vc_column][vc_column_text][\/vc_column_text][\/vc_column][\/vc_row][vc_row el_class=&#8221;pad80&#8243; css=&#8221;.vc_custom_1691398122676{background-position: 0 0 !important;background-repeat: repeat !important;}&#8221;][vc_column][vc_row_inner css=&#8221;.vc_custom_1691398070833{margin-bottom: 96px !important;}&#8221;][vc_column_inner]<div class=\"section-title \"><div class=\"text-center\"><h3 class=\"section-title-text\">O firmie<\/h3><p class=\"subtitle\">Kiszonki Wo\u0142y\u0144scy to gospodarstwo rodzinne z wielopokoleniow\u0105 tradycj\u0105. Specjalizujemy si\u0119 w uprawie warzyw oraz produkcji wysokiej jako\u015bci kapusty kiszonej i og\u00f3rk\u00f3w kiszonych. Z pasj\u0105 i zaanga\u017cowaniem kultywujemy standardowe metody fermentacji, by dostarcza\u0107 naszym klientom najzdrowsze i najsmaczniejsze produkty.<\/p><\/div><\/div>[vc_column_text]<\/p>\n<p style=\"text-align: center;\">Stawiamy na naturalno\u015b\u0107. Nasze produkty s\u0105 wolne od sztucznych konserwant\u00f3w, pestycyd\u00f3w i innych dodatk\u00f3w. Przy produkcji surowc\u00f3w do kiszenia, korzystamy z nowoczesnych technologii ochrony i uprawy warzyw. \u00a0Pozwala to naszym klientom cieszy\u0107 si\u0119 korzy\u015bciami zdrowotnymi i autentycznym smakiem jakie niesie za sob\u0105 tradycyjne kiszenie.<\/p>\n<p>[\/vc_column_text][vc_column_text css=&#8221;.vc_custom_1690738857130{margin-bottom: 0px !important;}&#8221;]<\/p>\n<p style=\"text-align: center;\">Dla nas Kiszonki Wo\u0142y\u0144scy to wi\u0119cej ni\u017c tylko gospodarstwo \u2013 to dziedzictwo, tradycja i pasja przekazywana z pokolenia na pokolenie.<\/p>\n<p style=\"text-align: center;\">Dzi\u0119ki naszym konsekwentnym staraniom o jako\u015b\u0107 i autentyczno\u015b\u0107, stali\u015bmy si\u0119 jednym z najbardziej rozpoznawalnych producent\u00f3w kiszonek w regionie.<\/p>\n<p>[\/vc_column_text][\/vc_column_inner][\/vc_row_inner][\/vc_column][\/vc_row][vc_row full_width=&#8221;stretch_row&#8221; content_placement=&#8221;top&#8221; css=&#8221;.vc_custom_1686861192364{background-color: #fafafa !important;}&#8221; el_class=&#8221;padtop80 padbottom60&#8243;][vc_column width=&#8221;1\/3&#8243;][vc_single_image image=&#8221;443&#8243; img_size=&#8221;full&#8221;][\/vc_column][vc_column width=&#8221;2\/3&#8243;]<div class=\"section-title \"><div class=\"text-center\"><h3 class=\"section-title-text\">Kiszonki<\/h3><p class=\"subtitle\">Jeste\u015bmy cz\u0119\u015bci\u0105 rodziny Wo\u0142y\u0144skich, kt\u00f3rzy z dum\u0105 prowadz\u0105 firm\u0119 Kiszonki Wo\u0142y\u0144scy w Atanazynie. Kontynuujemy tradycj\u0119 uprawy warzyw oraz produkcji wysokiej jako\u015bci kiszonek, z pasj\u0105 i zaanga\u017cowaniem kultywuj\u0105c starodawne metody fermentacji, by dostarczy\u0107 naszym klientom najzdrowsze i najsmaczniejsze produkty.<\/p><\/div><\/div>[vc_column_text]Kiszonki s\u0105 d\u0142ug\u0105 tradycj\u0105 kulinarnej m\u0105dro\u015bci, kt\u00f3rej korzenie si\u0119gaj\u0105 daleko w przesz\u0142o\u015b\u0107. Proces fermentacji, kt\u00f3ry jest kluczem do tworzenia kiszonek, nie tylko daje \u017cywno\u015bci wyj\u0105tkowy smak i tekstur\u0119, ale tak\u017ce ma szereg zalet zdrowotnych. Poni\u017cej znajduj\u0105 si\u0119 niekt\u00f3re z najwa\u017cniejszych korzy\u015bci zdrowotnych, jakie niesie spo\u017cywanie kiszonek.[\/vc_column_text][\/vc_column][\/vc_row][vc_row css=&#8221;.vc_custom_1686862436756{margin-top: 64px !important;}&#8221;][vc_column][vc_row_inner][vc_column_inner width=&#8221;1\/3&#8243;][vc_custom_heading text=&#8221;PROBIOTYKI&#8221; font_container=&#8221;tag:h3|text_align:center|color:%23444444&#8243; use_theme_fonts=&#8221;yes&#8221;][vc_column_text]<\/p>\n<p style=\"text-align: center;\">Kiszonki s\u0105 znakomitym \u017ar\u00f3d\u0142em prebiotyk\u00f3w, naturalnych bakterii, kt\u00f3re wspomagaj\u0105 zdrowie jelit. Regularne spo\u017cywanie prebiotyk\u00f3w mo\u017ce pom\u00f3c w poprawie trawienia, zwi\u0119kszeniu odporno\u015bci i nawet poprawie nastroju. Poniewa\u017c prebiotyki pomagaj\u0105 w regulacji flory bakteryjnej w naszych jelitach, mog\u0105 one r\u00f3wnie\u017c pom\u00f3c w leczeniu niekt\u00f3rych problem\u00f3w zdrowotnych, takich jak zaparcia, IBS i nawet niekt\u00f3re formy alergii..<\/p>\n<p>[\/vc_column_text][\/vc_column_inner][vc_column_inner width=&#8221;1\/3&#8243;][vc_custom_heading text=&#8221;WITAMINY I MINERA\u0141Y&#8221; font_container=&#8221;tag:h3|text_align:center|color:%23444444&#8243; use_theme_fonts=&#8221;yes&#8221;][vc_column_text css=&#8221;.vc_custom_1686860722843{margin-bottom: 32px !important;}&#8221;]<\/p>\n<p style=\"text-align: center;\">Fermentacja mo\u017ce pom\u00f3c w zwi\u0119kszeniu dost\u0119pno\u015bci niekt\u00f3rych witamin i minera\u0142\u00f3w w naszej diecie. Na przyk\u0142ad, kiszonki s\u0105 zwykle bogatym \u017ar\u00f3d\u0142em witamin z grupy B i witaminy C, jak r\u00f3wnie\u017c zawieraj\u0105 istotne minera\u0142y, takie jak potas i magnez.<\/p>\n<p>[\/vc_column_text][\/vc_column_inner][vc_column_inner width=&#8221;1\/3&#8243;][vc_custom_heading text=&#8221;WSPARCIE DLA SYSTEMU ODPORNO\u015aCIOWEGO&#8221; font_container=&#8221;tag:h3|text_align:center|color:%23444444&#8243; use_theme_fonts=&#8221;yes&#8221;][vc_column_text]<\/p>\n<p style=\"text-align: center;\">Probiotyki z kiszonek mog\u0105 pom\u00f3c wzmocni\u0107 system odporno\u015bciowy, co jest szczeg\u00f3lnie wa\u017cne w czasie zimy lub w okresach stresu. Badania pokazuj\u0105, \u017ce zdrowa flora jelitowa jest kluczowym elementem zdrowego systemu odporno\u015bciowego.<\/p>\n<p>[\/vc_column_text][\/vc_column_inner][\/vc_row_inner][vc_row_inner][vc_column_inner width=&#8221;1\/3&#8243;][vc_custom_heading text=&#8221;POPRAWA ZDROWIA PSYCHICZNEGO&#8221; font_container=&#8221;tag:h3|text_align:center|color:%23444444&#8243; use_theme_fonts=&#8221;yes&#8221;][vc_column_text]<\/p>\n<p style=\"text-align: center;\">Coraz wi\u0119cej bada\u0144 wskazuje na zwi\u0105zek mi\u0119dzy zdrowiem jelit a zdrowiem psychicznym. Niekt\u00f3re badania sugeruj\u0105, \u017ce prebiotyki mog\u0105 pom\u00f3c w \u0142agodzeniu objaw\u00f3w niekt\u00f3rych zaburze\u0144 psychicznych, takich jak depresja i l\u0119k.<\/p>\n<p>[\/vc_column_text][\/vc_column_inner][vc_column_inner width=&#8221;1\/3&#8243;][vc_custom_heading text=&#8221;WSPARCIE DLA ZDROWIA SERCA&#8221; font_container=&#8221;tag:h3|text_align:center|color:%23444444&#8243; use_theme_fonts=&#8221;yes&#8221;][vc_column_text]<\/p>\n<p style=\"text-align: center;\">Niekt\u00f3re badania sugeruj\u0105, \u017ce kiszonki mog\u0105 pom\u00f3c w poprawie zdrowia serca. Na przyk\u0142ad, niekt\u00f3re badania pokazuj\u0105, \u017ce spo\u017cywanie kiszonej kapusty mo\u017ce pom\u00f3c w obni\u017ceniu poziomu cholesterolu.<\/p>\n<p>[\/vc_column_text][\/vc_column_inner][vc_column_inner width=&#8221;1\/3&#8243;][vc_custom_heading text=&#8221;POMOC W KONTROLI WAGI&#8221; font_container=&#8221;tag:h3|text_align:center|color:%23444444&#8243; use_theme_fonts=&#8221;yes&#8221;][vc_column_text]<\/p>\n<p style=\"text-align: center;\">Kiszonki mog\u0105 pom\u00f3c w kontroli wagi na kilka sposob\u00f3w. Po pierwsze, s\u0105 one zwykle niskokaloryczne i bogate w b\u0142onnik, co mo\u017ce pom\u00f3c w utrzymaniu uczucia syto\u015bci. Po drugie, prebiotyki mog\u0105 pom\u00f3c w poprawie zdrowia jelit, co z kolei mo\u017ce pom\u00f3c w kontroli wagi.<\/p>\n<p>[\/vc_column_text][\/vc_column_inner][\/vc_row_inner][\/vc_column][\/vc_row][vc_row full_width=&#8221;stretch_row&#8221; el_class=&#8221;pad80&#8243; css=&#8221;.vc_custom_1686862178610{background-color: #fafafa !important;}&#8221; el_id=&#8221;produkty&#8221;][vc_column]<div class=\"section-title \"><div class=\"text-center\"><h3 class=\"section-title-text\">Produkty<\/h3><p class=\"subtitle\">Feel free to get a quotation. Just fill this form and send it to us. We will contact you as early as possible.<\/p><\/div><\/div>[vc_row_inner][vc_column_inner width=&#8221;1\/2&#8243;][vc_custom_heading text=&#8221;KAPUSTA KISZONA&#8221; font_container=&#8221;tag:h3|text_align:center|color:%23444444&#8243; use_theme_fonts=&#8221;yes&#8221;][vc_column_text]<\/p>\n<p style=\"text-align: center;\">Kapusta kiszona, cho\u0107 jest zasobna w witamin\u0119 C, zawiera r\u00f3wnie\u017c znaczne ilo\u015bci witaminy K &#8211; jednej porcji jest wystarczaj\u0105co du\u017co, aby pokry\u0107 dzienn\u0105 zalecan\u0105 dawk\u0119 tej witaminy. Dost\u0119pna u nas w opakowaniach i gramaturze &#8230;<\/p>\n<p>[\/vc_column_text][\/vc_column_inner][vc_column_inner width=&#8221;1\/2&#8243;][vc_custom_heading text=&#8221;OG\u00d3REK KISZONY&#8221; font_container=&#8221;tag:h3|text_align:center|color:%23444444&#8243; use_theme_fonts=&#8221;yes&#8221;][vc_column_text]<\/p>\n<p style=\"text-align: center;\">kiszony og\u00f3rek jest znacznie bardziej zasobny w prebiotyki ni\u017c surowy, co czyni go nie tylko smacznym, ale tak\u017ce zdrowym dodatkiem do codziennej diety. Proponujemy kiszone og\u00f3rki w opakowaniach o gramaturze &#8230;<\/p>\n<p>[\/vc_column_text][\/vc_column_inner][\/vc_row_inner][\/vc_column][\/vc_row][vc_row el_class=&#8221;padtop80 padbottom60&#8243; el_id=&#8221;kontakt&#8221;][vc_column]<div class=\"section-title \"><div class=\"text-center\"><h3 class=\"section-title-text\">Kontakt<\/h3><p class=\"subtitle\"><\/p><\/div><\/div>[vc_column_text]<\/p>\n<h3 style=\"text-align: center;\">Kiszonki Wo\u0142y\u0144scy<\/h3>\n<h3 style=\"text-align: center;\">ATANAZYN 3,\u00a064-820 Szamocin<\/h3>\n<h3 style=\"text-align: center;\">Tel. + 48 692 397 999<\/h3>\n<p>[\/vc_column_text][\/vc_column][\/vc_row][vc_row full_width=&#8221;stretch_row_content_no_spaces&#8221; el_class=&#8221;content-no-margin&#8221;][vc_column][vc_gmaps link=&#8221;#E-8_JTNDaWZyYW1lJTIwc3JjJTNEJTIyaHR0cHMlM0ElMkYlMkZ3d3cuZ29vZ2xlLmNvbSUyRm1hcHMlMkZlbWJlZCUzRnBiJTNEJTIxMW0xOCUyMTFtMTIlMjExbTMlMjExZDMyMjY3LjQ1Mjk2Njc1MTkyJTIxMmQxNy4xMTI5NzAxNDAzOTI0NDUlMjEzZDUzLjA1MTA0NjM5ODkxOTkxNSUyMTJtMyUyMTFmMCUyMTJmMCUyMTNmMCUyMTNtMiUyMTFpMTAyNCUyMTJpNzY4JTIxNGYxMy4xJTIxM20zJTIxMW0yJTIxMXMweDQ3MDM5MjViMzg2NGYyYzclMjUzQTB4YzlmZjJjMjg2MzU1OGZkYyUyMTJzQXRhbmF6eW4lMjUyMDMlMjUyQyUyNTIwNjQtODIwJTI1MjBBdGFuYXp5biUyMTVlMCUyMTNtMiUyMTFzcGwlMjEyc3BsJTIxNHYxNjg2ODYzODUyOTQyJTIxNW0yJTIxMXNwbCUyMTJzcGwlMjIlMjB3aWR0aCUzRCUyMjE5ODAlMjIlMjBoZWlnaHQlM0QlMjI0NTAlMjIlMjBzdHlsZSUzRCUyMmJvcmRlciUzQTAlM0IlMjIlMjBhbGxvd2Z1bGxzY3JlZW4lM0QlMjIlMjIlMjBsb2FkaW5nJTNEJTIybGF6eSUyMiUyMHJlZmVycmVycG9saWN5JTNEJTIybm8tcmVmZXJyZXItd2hlbi1kb3duZ3JhZGUlMjIlM0UlM0MlMkZpZnJhbWUlM0U=&#8221;][\/vc_column][\/vc_row]<\/p>\n<\/section>","protected":false},"excerpt":{"rendered":"<p>[vc_row][vc_column][vc_column_text][\/vc_column_text][\/vc_column][\/vc_row][vc_row el_class=&#8221;pad80&#8243; css=&#8221;.vc_custom_1691398122676{background-position: 0 0 !important;background-repeat: repeat !important;}&#8221;][vc_column][vc_row_inner css=&#8221;.vc_custom_1691398070833{margin-bottom: 96px !important;}&#8221;][vc_column_inner][vc_column_text] Stawiamy na naturalno\u015b\u0107. Nasze produkty s\u0105 wolne od sztucznych konserwant\u00f3w, pestycyd\u00f3w i innych dodatk\u00f3w. Przy produkcji surowc\u00f3w do kiszenia, korzystamy z nowoczesnych technologii ochrony i uprawy warzyw. \u00a0Pozwala to naszym klientom cieszy\u0107 si\u0119 korzy\u015bciami zdrowotnymi i autentycznym smakiem jakie niesie za sob\u0105 tradycyjne kiszenie. &#8230;<\/p>\n","protected":false},"author":1,"featured_media":0,"parent":0,"menu_order":0,"comment_status":"closed","ping_status":"closed","template":"homepage-template.php","meta":{"footnotes":""},"_links":{"self":[{"href":"http:\/\/kiszonkiwolynscy.pl\/index.php\/wp-json\/wp\/v2\/pages\/13"}],"collection":[{"href":"http:\/\/kiszonkiwolynscy.pl\/index.php\/wp-json\/wp\/v2\/pages"}],"about":[{"href":"http:\/\/kiszonkiwolynscy.pl\/index.php\/wp-json\/wp\/v2\/types\/page"}],"author":[{"embeddable":true,"href":"http:\/\/kiszonkiwolynscy.pl\/index.php\/wp-json\/wp\/v2\/users\/1"}],"replies":[{"embeddable":true,"href":"http:\/\/kiszonkiwolynscy.pl\/index.php\/wp-json\/wp\/v2\/comments?post=13"}],"version-history":[{"count":75,"href":"http:\/\/kiszonkiwolynscy.pl\/index.php\/wp-json\/wp\/v2\/pages\/13\/revisions"}],"predecessor-version":[{"id":503,"href":"http:\/\/kiszonkiwolynscy.pl\/index.php\/wp-json\/wp\/v2\/pages\/13\/revisions\/503"}],"wp:attachment":[{"href":"http:\/\/kiszonkiwolynscy.pl\/index.php\/wp-json\/wp\/v2\/media?parent=13"}],"curies":[{"name":"wp","href":"https:\/\/api.w.org\/{rel}","templated":true}]}}